{"id":29,"date":"2025-05-01T17:18:43","date_gmt":"2025-05-01T17:18:43","guid":{"rendered":"https:\/\/chalepoudi-psychologos.gr\/?page_id=29"},"modified":"2025-10-20T17:07:27","modified_gmt":"2025-10-20T17:07:27","slug":"%ce%b1%cf%81%cf%87%ce%b9%ce%ba%ce%b7","status":"publish","type":"page","link":"https:\/\/chalepoudi-psychologos.gr\/fr\/","title":{"rendered":"Olia Chalepoudi Koukouli"},"content":{"rendered":"<section class=\"main-block style-hero dwdw wp-block-block-manager-main-block\">\n\t<div class=\"main-block__container\">\n\t\t<div class=\"main-block__content-group\">\n\t\t\t\t\t\t\t\t\t\t<h1 class=\"main-block__title\">\n\t\t\t\t\tOlia Chalepoudi Koukouli\t\t\t\t<\/h1>\n\t\t\t\t\t\t\t\t\t\t<p class=\"main-block__subtitle\">Psychologue clinicienne M Sc, psychoth\u00e9rapeute<\/p>\n\t\t\t\n\n\n\t\t\t\t\t\t\t<div class=\"main-block__content\">\n\t\t\t\t\t<p>Je m\u2019appelle Olia Chalepoudi Koukouli, psychologue clinicienne et psychoth\u00e9rapeute d\u2019orientation psychanalytique. \u00c0 travers la relation th\u00e9rapeutique, je souhaite accompagner chaque personne \u00e0 acqu\u00e9rir une compr\u00e9hension de ses difficult\u00e9s et, en mobilisant son potentiel psychique, \u00e0 trouver une plus grande tranquillit\u00e9 d\u2019esprit ainsi qu\u2019une vie plus satisfaisante.<\/p>\n\t\t\t\t<\/div>\n\t\t\t\n\t\t\t\t\t<\/div>\n\n\n\t\t\t\t\t<div class=\"main-block__image-container\">\n\t\t\t\t<img\n\t\t\t\t\tsrc=\"https:\/\/chalepoudi-psychologos.gr\/wp-content\/uploads\/2025\/05\/olia-chalepoudi-1.webp\"\n\t\t\t\t\talt=\"\"\n\t\t\t\t\tclass=\"main-block__image\" \/>\n\t\t\t<\/div>\n\t\t\t<\/div>\n<\/section>\n\n<section class=\"main-block style-quote wp-block-block-manager-main-block\">\n\t<div class=\"main-block__container\">\n\t\t<div class=\"main-block__content-group\">\n\t\t\t\t\t\t\t<span class=\"main-block__small-title\">SANT\u00c9 MENTALE<\/span>\n\t\t\t\t\t\t\t\t\t\t<h2 class=\"main-block__title\">\n\t\t\t\t\tPourquoi consulter un psychologue ?\t\t\t\t<\/h2>\n\t\t\t\t\t\t\n\n\n\t\t\t\t\t\t\t<div class=\"main-block__content\">\n\t\t\t\t\t<p>Les manifestations de la souffrance psychique sont diverses et varient selon l\u2019\u00e2ge de la personne. Les difficult\u00e9s qui am\u00e8nent \u00e0 consulter peuvent \u00eatre tr\u00e8s sp\u00e9cifiques, comme les probl\u00e8mes relationnels, les traumatismes, l\u2019anxi\u00e9t\u00e9 ou la d\u00e9pression, mais elles peuvent aussi \u00eatre plus vagues et difficiles \u00e0 d\u00e9finir, par exemple le sentiment que la vie ne se d\u00e9roule pas comme elle le devrait ou qu\u2019elle manque de sens.<\/p>\n\t\t\t\t<\/div>\n\t\t\t\n\t\t\t\t\t<\/div>\n\n\n\t\t\t<\/div>\n<\/section>\n\n<section class=\"main-block style-text-image-left wp-block-block-manager-main-block\">\n\t<div class=\"main-block__container\">\n\t\t<div class=\"main-block__content-group\">\n\t\t\t\t\t\t\t<span class=\"main-block__small-title\">COURTE BIOGRAPHIE<\/span>\n\t\t\t\t\t\t\t\t\t\t<h2 class=\"main-block__title\">\n\t\t\t\t\t\u00e0 propos de moi\t\t\t\t<\/h2>\n\t\t\t\t\t\t\n\n\n\t\t\t\t\t\t\t<div class=\"main-block__content\">\n\t\t\t\t\t<p>J\u2019ai \u00e9t\u00e9 form\u00e9e en Gr\u00e8ce et en France, et je poss\u00e8de une licence professionnelle reconnue dans les deux pays. Apr\u00e8s ma formation initiale au d\u00e9partement de psychologie de l\u2019Universit\u00e9 de Panteion, j\u2019ai poursuivi ma sp\u00e9cialisation en psychologie clinique en France.<br><br>E\u03c7\u03c9 \u03b5\u03c1\u03b3\u03b1\u03c3\u03c4\u03b5\u03af \u03c3\u03b5 \u03b4\u03b9\u03ac\u03c6\u03bf\u03c1\u03b1 \u03c0\u03bb\u03b1\u03af\u03c3\u03b9\u03b1 \u03b4\u03b7\u03bc\u03cc\u03c3\u03b9\u03c9\u03bd \u03c6\u03bf\u03c1\u03ad\u03c9\u03bd \u03c3\u03c4\u03b7 \u0393\u03b1\u03bb\u03bb\u03af\u03b1 \u03ba\u03b1\u03b9 \u03c3\u03c4\u03b7\u03bd \u0395\u03bb\u03bb\u03ac\u03b4\u03b1 \u03b1\u03c0\u03cc \u03c4\u03bf 2017 \u03ad\u03c9\u03c2 \u03c3\u03ae\u03bc\u03b5\u03c1\u03b1.<\/p>\n\t\t\t\t<\/div>\n\t\t\t\n\t\t\t\t\t\t\t<a\n\t\t\t\t\thref=\"\/fr\/\u03b3\u03b9\u03b1-\u03b5\u03bc\u03ad\u03bd\u03b1\/\"\n\t\t\t\t\tclass=\"main-block__cta\">\n\t\t\t\t\tEn savoir plus\t\t\t\t<\/a>\n\t\t\t\t\t<\/div>\n\n\n\t\t\t\t\t<div class=\"main-block__image-container\">\n\t\t\t\t<img\n\t\t\t\t\tsrc=\"https:\/\/chalepoudi-psychologos.gr\/wp-content\/uploads\/2025\/10\/pexels-carlosdetrip-16131575-scaled.jpg\"\n\t\t\t\t\talt=\"\u0393\u03b9\u03b1 \u03b5\u03bc\u03ad\u03bd\u03b1\"\n\t\t\t\t\tclass=\"main-block__image\" \/>\n\t\t\t<\/div>\n\t\t\t<\/div>\n<\/section>\n\n<section class=\"image-layout layout-parallax wp-block-block-manager-image-layout\">\n\t<figure class=\"image-container\" style=\" background-image: url(https:\/\/chalepoudi-psychologos.gr\/wp-content\/uploads\/2025\/05\/xalepoudi-olia-grafeio-1.webp);\">\n\t\t\n\t<\/figure>\n<\/section>\n\n<section class=\"main-block style-simple wp-block-block-manager-main-block\">\n\t<div class=\"main-block__container\">\n\t\t<div class=\"main-block__content-group\">\n\t\t\t\t\t\t\t<span class=\"main-block__small-title\">APPROCHE TH\u00c9RAPEUTIQUE<\/span>\n\t\t\t\t\t\t\t\t\t\t<h2 class=\"main-block__title\">\n\t\t\t\t\tPsychoth\u00e9rapie\t\t\t\t<\/h2>\n\t\t\t\t\t\t\n\n\n\t\t\t\t\t\t\t<div class=\"main-block__content\">\n\t\t\t\t\t<p>\u0395\u03bd\u03c4\u03cc\u03c2 \u03b5\u03bd\u03cc\u03c2 \u03b6\u03b5\u03c3\u03c4\u03bf\u03cd, \u03c5\u03c0\u03bf\u03c3\u03c4\u03b7\u03c1\u03b9\u03ba\u03c4\u03b9\u03ba\u03bf\u03cd \u03ba\u03b1\u03b9 \u03b5\u03c0\u03b1\u03b3\u03b3\u03b5\u03bb\u03bc\u03b1\u03c4\u03b9\u03ba\u03bf\u03cd \u03c0\u03b5\u03c1\u03b9\u03b2\u03ac\u03bb\u03bb\u03bf\u03bd\u03c4\u03bf\u03c2, \u03c0\u03c1\u03bf\u03c4\u03b5\u03af\u03bd\u03c9 \u03b8\u03b5\u03c1\u03b1\u03c0\u03b5\u03c5\u03c4\u03b9\u03ba\u03ad\u03c2 \u03c3\u03c5\u03bd\u03b1\u03bd\u03c4\u03ae\u03c3\u03b5\u03b9\u03c2 \u03c3\u03b5 \u03b1\u03bd\u03b8\u03c1\u03ce\u03c0\u03bf\u03c5\u03c2 \u03c0\u03bf\u03c5 \u03bd\u03b9\u03ce\u03b8\u03bf\u03c5\u03bd \u03cc\u03c4\u03b9 \u03c7\u03c1\u03b5\u03b9\u03ac\u03b6\u03bf\u03bd\u03c4\u03b1\u03b9 \u03bc\u03b9\u03b1 \u03b1\u03bb\u03bb\u03b1\u03b3\u03ae.<\/p>\n\t\t\t\t<\/div>\n\t\t\t\n\t\t\t\t\t\t\t<a\n\t\t\t\t\thref=\"\/fr\/\u03c8\u03c5\u03c7\u03bf\u03b8\u03b5\u03c1\u03b1\u03c0\u03b5\u03b9\u03b1\/\"\n\t\t\t\t\tclass=\"main-block__cta\">\n\t\t\t\t\tEn savoir plus\t\t\t\t<\/a>\n\t\t\t\t\t<\/div>\n\n\n\t\t\t<\/div>\n<\/section>\n\n<section class=\"services wp-block-block-manager-contact\">\r\n\t<div class=\"item-list__container\">\r\n\t\t\t\t\t<span class=\"item-list__small-title\">\r\n\t\t\t\tSERVICES SP\u00c9CIALIS\u00c9S\t\t\t<\/span>\r\n\t\t\r\n\t\t\t\t\t<h2 class=\"item-list__title\">\r\n\t\t\t\tServices\t\t\t<\/h2>\r\n\t\t\r\n\t\t\t\t\t<div class=\"item-list__content\">\r\n\t\t\t\t<p>\r\n\t\t\t\t\tLes s\u00e9ances se d\u00e9roulent dans mon cabinet priv\u00e9 et durent 45 minutes. Dans certains cas, des s\u00e9ances \u00e0 distance peuvent \u00eatre propos\u00e9es.\t\t\t\t<\/p>\r\n\t\t\t<\/div>\r\n\t\t\r\n\t\t\t\t\t<div class=\"item-list__items\">\r\n\t\t\t\t\t\t\t\t\t<div class=\"item-list__item\">\r\n\t\t\t\t\t\t\t\t\t\t\t\t\t<div class=\"item-list__svg-container\">\r\n\t\t\t\t\t\t\t\t<svg width=\"16\" height=\"16\" viewbox=\"0 0 16 16\" fill=\"none\" xmlns=\"http:\/\/www.w3.org\/2000\/svg\">\n<path d=\"M8 8C10.21 8 12 6.21 12 4C12 1.79 10.21 0 8 0C5.79 0 4 1.79 4 4C4 6.21 5.79 8 8 8ZM8 10C5.33 10 0 11.34 0 14V16H16V14C16 11.34 10.67 10 8 10Z\" fill=\"#BF7349\" \/>\n<\/svg>\n\t\t\t\t\t\t\t<\/div>\r\n\t\t\t\t\t\t\r\n\t\t\t\t\t\t\t\t\t\t\t\t\t<h3 class=\"item-list__item-title\">\r\n\t\t\t\t\t\t\t\tPsychoth\u00e9rapie individuelle pour adultes\t\t\t\t\t\t\t<\/h3>\r\n\t\t\t\t\t\t\r\n\t\t\t\t\t\t\t\t\t\t\t\t\t<div class=\"item-list__item-content\">\r\n\t\t\t\t\t\t\t\tUn adulte peut ressentir le besoin de consulter un psychologue \u00e0 n\u2019importe quelle \u00e9tape de sa vie. Ce besoin peut \u00eatre li\u00e9 \u00e0 une difficult\u00e9 psychique concernant, par exemple, la vie professionnelle\u2026\t\t\t\t\t\t\t<\/div>\r\n\t\t\t\t\t\t\r\n\t\t\t\t\t\t\t\t\t\t\t\t\t<div class=\"item-list__item-cta-section\">\r\n\r\n\r\n\t\t\t\t\t\t\t\t\t\t\t\t\t\t\t\t\t\t\t\t\t\t\t\t\t\t\t<a href=\"\/fr\/services\/#individual-psychotherapy-for-adults\" class=\"item-list__item-cta-link\">\r\n\t\t\t\t\t\t\t\t\t\t\tEn savoir plus\t\t\t\t\t\t\t\t\t\t<\/a>\r\n\t\t\t\t\t\t\t\t\t\t\t\t\t\t\t\t\t\r\n\t\t\t\t\t\t\t\t\t\t\t\t\t\t\t\t\t<div class=\"item-list__item-cta-image-wrapper\">\r\n\t\t\t\t\t\t\t\t\t\t<svg width=\"12\" height=\"12\" fill=\"none\" xmlns=\"http:\/\/www.w3.org\/2000\/svg\">\n<path d=\"M6.00001 0.666504L5.06001 1.6065L8.78001 5.33317H0.666672V6.6665H8.78001L5.06001 10.3932L6.00001 11.3332L11.3333 5.99984L6.00001 0.666504Z\" fill=\"#BF7349\" \/>\n<\/svg>\n\t\t\t\t\t\t\t\t\t<\/div>\r\n\t\t\t\t\t\t\t\t\t\t\t\t\t\t\t<\/div>\r\n\t\t\t\t\t\t\t\t\t\t\t<\/div>\r\n\t\t\t\t\t\t\t\t\t<div class=\"item-list__item\">\r\n\t\t\t\t\t\t\t\t\t\t\t\t\t<div class=\"item-list__svg-container\">\r\n\t\t\t\t\t\t\t\t<svg width=\"16\" height=\"16\" viewbox=\"0 0 16 16\" fill=\"none\" xmlns=\"http:\/\/www.w3.org\/2000\/svg\">\n<path d=\"M8 8C10.21 8 12 6.21 12 4C12 1.79 10.21 0 8 0C5.79 0 4 1.79 4 4C4 6.21 5.79 8 8 8ZM8 10C5.33 10 0 11.34 0 14V16H16V14C16 11.34 10.67 10 8 10Z\" fill=\"#BF7349\" \/>\n<\/svg>\n\t\t\t\t\t\t\t<\/div>\r\n\t\t\t\t\t\t\r\n\t\t\t\t\t\t\t\t\t\t\t\t\t<h3 class=\"item-list__item-title\">\r\n\t\t\t\t\t\t\t\tPsychoth\u00e9rapie individuelle pour adolescents\t\t\t\t\t\t\t<\/h3>\r\n\t\t\t\t\t\t\r\n\t\t\t\t\t\t\t\t\t\t\t\t\t<div class=\"item-list__item-content\">\r\n\t\t\t\t\t\t\t\tL\u2019adolescence marque une p\u00e9riode de profonds changements qui mobilise de mani\u00e8re significative les ressources psychiques de l\u2019adolescent\u00b7e et peut faire \u00e9merger des sensibilit\u00e9s d\u00e9j\u00e0 pr\u00e9sentes.\t\t\t\t\t\t\t<\/div>\r\n\t\t\t\t\t\t\r\n\t\t\t\t\t\t\t\t\t\t\t\t\t<div class=\"item-list__item-cta-section\">\r\n\r\n\r\n\t\t\t\t\t\t\t\t\t\t\t\t\t\t\t\t\t\t\t\t\t\t\t\t\t\t\t<a href=\"\/fr\/services\/#individual-psychotherapy-for-adolescent\" class=\"item-list__item-cta-link\">\r\n\t\t\t\t\t\t\t\t\t\t\tEn savoir plus\t\t\t\t\t\t\t\t\t\t<\/a>\r\n\t\t\t\t\t\t\t\t\t\t\t\t\t\t\t\t\t\r\n\t\t\t\t\t\t\t\t\t\t\t\t\t\t\t\t\t<div class=\"item-list__item-cta-image-wrapper\">\r\n\t\t\t\t\t\t\t\t\t\t<svg width=\"12\" height=\"12\" fill=\"none\" xmlns=\"http:\/\/www.w3.org\/2000\/svg\">\n<path d=\"M6.00001 0.666504L5.06001 1.6065L8.78001 5.33317H0.666672V6.6665H8.78001L5.06001 10.3932L6.00001 11.3332L11.3333 5.99984L6.00001 0.666504Z\" fill=\"#BF7349\" \/>\n<\/svg>\n\t\t\t\t\t\t\t\t\t<\/div>\r\n\t\t\t\t\t\t\t\t\t\t\t\t\t\t\t<\/div>\r\n\t\t\t\t\t\t\t\t\t\t\t<\/div>\r\n\t\t\t\t\t\t\t\t\t<div class=\"item-list__item\">\r\n\t\t\t\t\t\t\t\t\t\t\t\t\t<div class=\"item-list__svg-container\">\r\n\t\t\t\t\t\t\t\t<svg width=\"22\" height=\"22\" viewbox=\"0 0 22 22\" fill=\"none\" xmlns=\"http:\/\/www.w3.org\/2000\/svg\">\n<path d=\"M18.0063 1.7445C13.7971 1.101 8.2971 9.63734 3.16697 7.04581C2.96691 6.50441 2.77407 5.96025 2.57401 5.41988C8.62022 6.56731 11.3678 -1.02956 17.4137 0.118563C17.6144 0.658938 17.8056 1.20344 18.0063 1.7445Z\" fill=\"#ED4C5C\" \/>\n<path d=\"M18.5986 3.3702C15.0432 2.67651 7.73849 10.812 3.75993 8.67185C3.55884 8.13113 3.36806 7.58663 3.16696 7.04591C9.21318 8.19335 11.9604 0.596133 18.0063 1.7446C18.2071 2.28498 18.3982 2.82948 18.5986 3.3702Z\" fill=\"#FF8736\" \/>\n<path d=\"M19.1916 4.99632C15.7307 4.38067 9.31082 13.1484 4.35257 10.2976C4.15147 9.75692 3.96 9.21242 3.7596 8.6717C9.80547 9.81948 12.5538 2.22295 18.5986 3.37039C18.7997 3.91145 18.9912 4.4556 19.1916 4.99632Z\" fill=\"#FFCE31\" \/>\n<path d=\"M19.7849 6.62242C16.4467 6.09957 9.09907 15.4956 4.94485 11.9237C4.7441 11.3834 4.55332 10.8385 4.35257 10.2978C10.3974 11.4463 13.1454 3.84835 19.1916 4.99648C19.392 5.5372 19.5841 6.08135 19.7849 6.62242Z\" fill=\"#83BF4F\" \/>\n<path d=\"M20.3768 8.24849C16.5756 7.61805 9.82953 17.3434 5.53747 13.5501C5.33672 13.0091 5.14422 12.4653 4.9445 11.9242C10.9904 13.0716 13.7383 5.47511 19.7845 6.62289C19.9849 7.16361 20.1768 7.70743 20.3768 8.24849Z\" fill=\"#275FD9\" \/>\n<path d=\"M20.9687 9.87466C14.9246 8.72653 12.176 16.3238 6.13044 15.1756C5.92969 14.6353 5.73787 14.0908 5.53747 13.55C11.5833 14.6975 14.3309 7.1006 20.3768 8.24838C20.5772 8.78978 20.7694 9.33394 20.9687 9.87466Z\" fill=\"#9028E0\" \/>\n<path d=\"M1.7765 5.32937C2.18809 5.32937 2.52175 4.99571 2.52175 4.58412C2.52175 4.17253 2.18809 3.83887 1.7765 3.83887C1.36491 3.83887 1.03125 4.17253 1.03125 4.58412C1.03125 4.99571 1.36491 5.32937 1.7765 5.32937Z\" fill=\"#3E4347\" \/>\n<path d=\"M2.41999 4.98096L1.53999 5.3003L7.62643 22H8.62193L2.41999 4.98096Z\" fill=\"#3E4347\" \/>\n<path d=\"M1.26775 5.36324L2.66887 4.85449L2.79606 5.20409L1.39459 5.71284L1.26775 5.36324Z\" fill=\"#3E4347\" \/>\n<\/svg>\n\t\t\t\t\t\t\t<\/div>\r\n\t\t\t\t\t\t\r\n\t\t\t\t\t\t\t\t\t\t\t\t\t<h3 class=\"item-list__item-title\">\r\n\t\t\t\t\t\t\t\tLGBT+\t\t\t\t\t\t\t<\/h3>\r\n\t\t\t\t\t\t\r\n\t\t\t\t\t\t\t\t\t\t\t\t\t<div class=\"item-list__item-content\">\r\n\t\t\t\t\t\t\t\tUn cadre th\u00e9rapeutique s\u00e9curis\u00e9, avec une sensibilit\u00e9 \u00e0 la diversit\u00e9 en mati\u00e8re d\u2019identit\u00e9 de genre et d\u2019orientation sexuelle.\t\t\t\t\t\t\t<\/div>\r\n\t\t\t\t\t\t\r\n\t\t\t\t\t\t\t\t\t\t\t\t\t<div class=\"item-list__item-cta-section\">\r\n\r\n\r\n\t\t\t\t\t\t\t\t\t\t\t\t\t\t\t\t\t\t\t\t\t\t\t\t\t\t\t<a href=\"\/fr\/services\/#lgbtqi\" class=\"item-list__item-cta-link\">\r\n\t\t\t\t\t\t\t\t\t\t\tEn savoir plus\t\t\t\t\t\t\t\t\t\t<\/a>\r\n\t\t\t\t\t\t\t\t\t\t\t\t\t\t\t\t\t\r\n\t\t\t\t\t\t\t\t\t\t\t\t\t\t\t\t\t<div class=\"item-list__item-cta-image-wrapper\">\r\n\t\t\t\t\t\t\t\t\t\t<svg width=\"12\" height=\"12\" fill=\"none\" xmlns=\"http:\/\/www.w3.org\/2000\/svg\">\n<path d=\"M6.00001 0.666504L5.06001 1.6065L8.78001 5.33317H0.666672V6.6665H8.78001L5.06001 10.3932L6.00001 11.3332L11.3333 5.99984L6.00001 0.666504Z\" fill=\"#BF7349\" \/>\n<\/svg>\n\t\t\t\t\t\t\t\t\t<\/div>\r\n\t\t\t\t\t\t\t\t\t\t\t\t\t\t\t<\/div>\r\n\t\t\t\t\t\t\t\t\t\t\t<\/div>\r\n\t\t\t\t\t\t\t\t\t<div class=\"item-list__item\">\r\n\t\t\t\t\t\t\t\t\t\t\t\t\t<div class=\"item-list__svg-container\">\r\n\t\t\t\t\t\t\t\t<svg width=\"16\" height=\"16\" viewbox=\"0 0 16 16\" fill=\"none\" xmlns=\"http:\/\/www.w3.org\/2000\/svg\">\n<path d=\"M8 8C10.21 8 12 6.21 12 4C12 1.79 10.21 0 8 0C5.79 0 4 1.79 4 4C4 6.21 5.79 8 8 8ZM8 10C5.33 10 0 11.34 0 14V16H16V14C16 11.34 10.67 10 8 10Z\" fill=\"#BF7349\" \/>\n<\/svg>\n\t\t\t\t\t\t\t<\/div>\r\n\t\t\t\t\t\t\r\n\t\t\t\t\t\t\t\t\t\t\t\t\t<h3 class=\"item-list__item-title\">\r\n\t\t\t\t\t\t\t\tSupervision\t\t\t\t\t\t\t<\/h3>\r\n\t\t\t\t\t\t\r\n\t\t\t\t\t\t\t\t\t\t\t\t\t<div class=\"item-list__item-content\">\r\n\t\t\t\t\t\t\t\tSoutien aux professionnel\u00b7le\u00b7s de la sant\u00e9 mentale, aux travailleurs sociaux et aux enseignant\u00b7e\u00b7s pour le d\u00e9veloppement de leur identit\u00e9 professionnelle et de leurs comp\u00e9tences.\t\t\t\t\t\t\t<\/div>\r\n\t\t\t\t\t\t\r\n\t\t\t\t\t\t\t\t\t\t\t\t\t<div class=\"item-list__item-cta-section\">\r\n\r\n\r\n\t\t\t\t\t\t\t\t\t\t\t\t\t\t\t\t\t\t\t\t\t\t\t\t\t\t\t<a href=\"\/fr\/services\/#the-supervisions\" class=\"item-list__item-cta-link\">\r\n\t\t\t\t\t\t\t\t\t\t\tEn savoir plus\t\t\t\t\t\t\t\t\t\t<\/a>\r\n\t\t\t\t\t\t\t\t\t\t\t\t\t\t\t\t\t\r\n\t\t\t\t\t\t\t\t\t\t\t\t\t\t\t\t\t<div class=\"item-list__item-cta-image-wrapper\">\r\n\t\t\t\t\t\t\t\t\t\t<svg width=\"12\" height=\"12\" fill=\"none\" xmlns=\"http:\/\/www.w3.org\/2000\/svg\">\n<path d=\"M6.00001 0.666504L5.06001 1.6065L8.78001 5.33317H0.666672V6.6665H8.78001L5.06001 10.3932L6.00001 11.3332L11.3333 5.99984L6.00001 0.666504Z\" fill=\"#BF7349\" \/>\n<\/svg>\n\t\t\t\t\t\t\t\t\t<\/div>\r\n\t\t\t\t\t\t\t\t\t\t\t\t\t\t\t<\/div>\r\n\t\t\t\t\t\t\t\t\t\t\t<\/div>\r\n\t\t\t\t\t\t\t\t\t<div class=\"item-list__item\">\r\n\t\t\t\t\t\t\t\t\t\t\t\t\t<div class=\"item-list__svg-container\">\r\n\t\t\t\t\t\t\t\t<svg xmlns=\"http:\/\/www.w3.org\/2000\/svg\" viewbox=\"0 0 24 24\" shape-rendering=\"geometricPrecision\" text-rendering=\"geometricPrecision\" width=\"24\" height=\"24\"><path d=\"M18.08018,1.58252l1.84057,1.821383-5.52161,5.464148l5.52161,5.464198-1.84057,1.821393L10.718,8.868051L18.08018,1.58252Z\" transform=\"matrix(1.303958 0 0 1.303949-1.885392-2.063525)\" fill=\"#bf7349\" \/><path d=\"M4.877678,20.493036L3.14862,18.781994l5.187155-5.13322L3.14862,8.515713L4.877678,6.80469l6.916214,6.844084-6.916214,6.844262Z\" transform=\"matrix(1.388042 0 0 1.388042-4.370417-4.445195)\" fill=\"#bf7349\" \/><\/svg>\n\t\t\t\t\t\t\t<\/div>\r\n\t\t\t\t\t\t\r\n\t\t\t\t\t\t\t\t\t\t\t\t\t<h3 class=\"item-list__item-title\">\r\n\t\t\t\t\t\t\t\tS\u00e9ance \u00e0 distance\t\t\t\t\t\t\t<\/h3>\r\n\t\t\t\t\t\t\r\n\t\t\t\t\t\t\t\t\t\t\t\t\t<div class=\"item-list__item-content\">\r\n\t\t\t\t\t\t\t\tLa possibilit\u00e9 de s\u00e9ances en ligne est propos\u00e9e afin de faciliter l\u2019acc\u00e8s \u00e0 la th\u00e9rapie\t\t\t\t\t\t\t<\/div>\r\n\t\t\t\t\t\t\r\n\t\t\t\t\t\t\t\t\t\t\t\t\t<div class=\"item-list__item-cta-section\">\r\n\r\n\r\n\t\t\t\t\t\t\t\t\t\t\t\t\t\t\t\t\t\t\t\t\t\t\t\t\t\t\t<div class=\"item-list__item-cta-text\">\r\n\t\t\t\t\t\t\t\t\t\t\tEn savoir plus\t\t\t\t\t\t\t\t\t\t<\/div>\r\n\t\t\t\t\t\t\t\t\t\t\t\t\t\t\t\t\t\r\n\t\t\t\t\t\t\t\t\t\t\t\t\t\t\t\t\t<div class=\"item-list__item-cta-image-wrapper\">\r\n\t\t\t\t\t\t\t\t\t\t<svg width=\"12\" height=\"12\" fill=\"none\" xmlns=\"http:\/\/www.w3.org\/2000\/svg\">\n<path d=\"M6.00001 0.666504L5.06001 1.6065L8.78001 5.33317H0.666672V6.6665H8.78001L5.06001 10.3932L6.00001 11.3332L11.3333 5.99984L6.00001 0.666504Z\" fill=\"#BF7349\" \/>\n<\/svg>\n\t\t\t\t\t\t\t\t\t<\/div>\r\n\t\t\t\t\t\t\t\t\t\t\t\t\t\t\t<\/div>\r\n\t\t\t\t\t\t\t\t\t\t\t<\/div>\r\n\t\t\t\t\t\t\t<\/div>\r\n\t\t\r\n\t\t\t\t\t<a href=\"\/fr\/services\/\" class=\"item-list__cta\">\r\n\t\t\t\tVoir tous les services\t\t\t<\/a>\r\n\t\t\t<\/div>\r\n<\/section>\n\n<section class=\"image-layout layout-parallax wp-block-block-manager-image-layout\">\n\t<figure class=\"image-container\" style=\" background-image: url(https:\/\/chalepoudi-psychologos.gr\/wp-content\/uploads\/2025\/05\/xalepoudi-olia-grafeio-1.webp);\">\n\t\t\n\t<\/figure>\n<\/section>\n\n<section class=\"contact wp-block-block-manager-contact\">\r\n\t<div class=\"item-list__container\">\r\n\t\t\t\t\t<span class=\"item-list__small-title\">\r\n\t\t\t\tMe contacter\t\t\t<\/span>\r\n\t\t\r\n\t\t\t\t\t<h2 class=\"item-list__title\">\r\n\t\t\t\tContact\t\t\t<\/h2>\r\n\t\t\r\n\t\t\t\t\t<div class=\"item-list__content\">\r\n\t\t\t\t<p>\r\n\t\t\t\t\tPour un rendez-vous ou plus d\u2019informations, n\u2019h\u00e9sitez pas \u00e0 me contacter. Je r\u00e9pondrai \u00e0 votre demande dans les plus brefs d\u00e9lais.\t\t\t\t<\/p>\r\n\t\t\t<\/div>\r\n\t\t\r\n\t\t\t\t\t<div class=\"item-list__items\">\r\n\t\t\t\t\t\t\t\t\t<div class=\"item-list__item\">\r\n\t\t\t\t\t\t\t\t\t\t\t\t\t<div class=\"item-list__svg-container\">\r\n\t\t\t\t\t\t\t\t<svg width=\"24\" height=\"24\" viewbox=\"0 0 24 24\" fill=\"none\" xmlns=\"http:\/\/www.w3.org\/2000\/svg\">\n<path d=\"M20 4H4C2.9 4 2.01 4.9 2.01 6L2 18C2 19.1 2.9 20 4 20H20C21.1 20 22 19.1 22 18V6C22 4.9 21.1 4 20 4ZM20 8L12 13L4 8V6L12 11L20 6V8Z\" fill=\"#BF7349\" \/>\n<\/svg>\n\t\t\t\t\t\t\t<\/div>\r\n\t\t\t\t\t\t\r\n\t\t\t\t\t\t\t\t\t\t\t\t\t<h3 class=\"item-list__item-title\">\r\n\t\t\t\t\t\t\t\tEmail\t\t\t\t\t\t\t<\/h3>\r\n\t\t\t\t\t\t\r\n\t\t\t\t\t\t\t\t\t\t\t\t\t<div class=\"item-list__item-content\">\r\n\t\t\t\t\t\t\t\to.chalepoudi@gmail.com\t\t\t\t\t\t\t<\/div>\r\n\t\t\t\t\t\t\r\n\t\t\t\t\t\t\t\t\t\t\t<\/div>\r\n\t\t\t\t\t\t\t\t\t<div class=\"item-list__item\">\r\n\t\t\t\t\t\t\t\t\t\t\t\t\t<div class=\"item-list__svg-container\">\r\n\t\t\t\t\t\t\t\t<svg width=\"24\" height=\"24\" viewbox=\"0 0 24 24\" fill=\"none\" xmlns=\"http:\/\/www.w3.org\/2000\/svg\">\n<path d=\"M20 15.5C18.8 15.5 17.5 15.3 16.4 14.9C16.3 14.9 16.2 14.9 16.1 14.9C15.8 14.9 15.6 15 15.4 15.2L13.2 17.4C10.4 15.9 8 13.6 6.6 10.8L8.8 8.6C9.1 8.3 9.2 7.9 9 7.6C8.7 6.5 8.5 5.2 8.5 4C8.5 3.5 8 3 7.5 3H4C3.5 3 3 3.5 3 4C3 13.4 10.6 21 20 21C20.5 21 21 20.5 21 20V16.5C21 16 20.5 15.5 20 15.5ZM19 12H21C21 7 17 3 12 3V5C15.9 5 19 8.1 19 12ZM15 12H17C17 9.2 14.8 7 12 7V9C13.7 9 15 10.3 15 12Z\" fill=\"#BF7349\" \/>\n<\/svg>\n\t\t\t\t\t\t\t<\/div>\r\n\t\t\t\t\t\t\r\n\t\t\t\t\t\t\t\t\t\t\t\t\t<h3 class=\"item-list__item-title\">\r\n\t\t\t\t\t\t\t\tT\u00e9l\u00e9phone\t\t\t\t\t\t\t<\/h3>\r\n\t\t\t\t\t\t\r\n\t\t\t\t\t\t\t\t\t\t\t\t\t<div class=\"item-list__item-content\">\r\n\t\t\t\t\t\t\t\t+30 6938803388\t\t\t\t\t\t\t<\/div>\r\n\t\t\t\t\t\t\r\n\t\t\t\t\t\t\t\t\t\t\t<\/div>\r\n\t\t\t\t\t\t\t\t\t<div class=\"item-list__item\">\r\n\t\t\t\t\t\t\t\t\t\t\t\t\t<div class=\"item-list__svg-container\">\r\n\t\t\t\t\t\t\t\t<svg width=\"24\" height=\"24\" viewbox=\"0 0 24 24\" fill=\"none\" xmlns=\"http:\/\/www.w3.org\/2000\/svg\">\n<path d=\"M12 2C8.13 2 5 5.13 5 9C5 14.25 12 22 12 22C12 22 19 14.25 19 9C19 5.13 15.87 2 12 2ZM12 11.5C10.62 11.5 9.5 10.38 9.5 9C9.5 7.62 10.62 6.5 12 6.5C13.38 6.5 14.5 7.62 14.5 9C14.5 10.38 13.38 11.5 12 11.5Z\" fill=\"#BF7349\" \/>\n<\/svg>\n\t\t\t\t\t\t\t<\/div>\r\n\t\t\t\t\t\t\r\n\t\t\t\t\t\t\t\t\t\t\t\t\t<h3 class=\"item-list__item-title\">\r\n\t\t\t\t\t\t\t\tAdresse\t\t\t\t\t\t\t<\/h3>\r\n\t\t\t\t\t\t\r\n\t\t\t\t\t\t\t\t\t\t\t\t\t<div class=\"item-list__item-content\">\r\n\t\t\t\t\t\t\t\tKerkyras 16, 11362 Ath\u00e8nes\t\t\t\t\t\t\t<\/div>\r\n\t\t\t\t\t\t\r\n\t\t\t\t\t\t\t\t\t\t\t<\/div>\r\n\t\t\t\t\t\t\t<\/div>\r\n\t\t\r\n\t\t\t\t\t<a href=\"\/fr\/\u03b5\u03c0\u03b9\u03ba\u03bf\u03b9\u03bd\u03c9\u03bd\u03af\u03b1\/\" class=\"item-list__cta\">\r\n\t\t\t\tFormulaire de contact\t\t\t<\/a>\r\n\t\t\t<\/div>\r\n<\/section>\n\n\n<p><\/p>","protected":false},"excerpt":{"rendered":"","protected":false},"author":1,"featured_media":0,"parent":0,"menu_order":0,"comment_status":"closed","ping_status":"closed","template":"","meta":{"_acf_changed":false,"footnotes":""},"class_list":["post-29","page","type-page","status-publish","hentry"],"acf":[],"_links":{"self":[{"href":"https:\/\/chalepoudi-psychologos.gr\/fr\/wp-json\/wp\/v2\/pages\/29","targetHints":{"allow":["GET"]}}],"collection":[{"href":"https:\/\/chalepoudi-psychologos.gr\/fr\/wp-json\/wp\/v2\/pages"}],"about":[{"href":"https:\/\/chalepoudi-psychologos.gr\/fr\/wp-json\/wp\/v2\/types\/page"}],"author":[{"embeddable":true,"href":"https:\/\/chalepoudi-psychologos.gr\/fr\/wp-json\/wp\/v2\/users\/1"}],"replies":[{"embeddable":true,"href":"https:\/\/chalepoudi-psychologos.gr\/fr\/wp-json\/wp\/v2\/comments?post=29"}],"version-history":[{"count":65,"href":"https:\/\/chalepoudi-psychologos.gr\/fr\/wp-json\/wp\/v2\/pages\/29\/revisions"}],"predecessor-version":[{"id":224,"href":"https:\/\/chalepoudi-psychologos.gr\/fr\/wp-json\/wp\/v2\/pages\/29\/revisions\/224"}],"wp:attachment":[{"href":"https:\/\/chalepoudi-psychologos.gr\/fr\/wp-json\/wp\/v2\/media?parent=29"}],"curies":[{"name":"wp","href":"https:\/\/api.w.org\/{rel}","templated":true}]}}