{"id":84,"date":"2025-05-02T19:46:34","date_gmt":"2025-05-02T19:46:34","guid":{"rendered":"https:\/\/chalepoudi-psychologos.gr\/?page_id=84"},"modified":"2025-10-20T16:30:34","modified_gmt":"2025-10-20T16:30:34","slug":"%ce%b3%ce%b9%ce%b1-%ce%b5%ce%bc%ce%ad%ce%bd%ce%b1","status":"publish","type":"page","link":"https:\/\/chalepoudi-psychologos.gr\/fr\/%ce%b3%ce%b9%ce%b1-%ce%b5%ce%bc%ce%ad%ce%bd%ce%b1\/","title":{"rendered":"\u00e0 propos de moi"},"content":{"rendered":"<section class=\"main-block style-text-image-right wp-block-block-manager-main-block\">\n\t<div class=\"main-block__container\">\n\t\t<div class=\"main-block__content-group\">\n\t\t\t\t\t\t\t<span class=\"main-block__small-title\">Parcours professionnel<\/span>\n\t\t\t\t\t\t\t\t\t\t<h2 class=\"main-block__title\">\n\t\t\t\t\t\u00e0 propos de moi\t\t\t\t<\/h2>\n\t\t\t\t\t\t\n\n\n\t\t\t\t\t\t\t<div class=\"main-block__content\">\n\t\t\t\t\t<p>J\u2019ai \u00e9t\u00e9 form\u00e9e en Gr\u00e8ce et en France et je poss\u00e8de une autorisation d\u2019exercice dans les deux pays, Gr\u00e8ce (13179\/2012) et France (N\u00b0 ADELI: 699334405).<br><br>Apr\u00e8s avoir termin\u00e9 le premier cycle de ma formation au d\u00e9partement de Psychologie de l\u2019Universit\u00e9 Panteion des Sciences Sociales et Politiques, je me suis rendue en France pour poursuivre ma sp\u00e9cialisation en psychologie clinique. En 2016, j\u2019ai obtenu mon dipl\u00f4me de master 2 Pro  en Psychopathologie et Psychologie Clinique \u00e0 l\u2019Universit\u00e9 Lumi\u00e8re, Lyon 2. <br><br>De 2017 \u00e0 2023, j\u2019ai travaill\u00e9 dans divers contextes au sein d\u2019institutions publiques en France, aupr\u00e8s de services pour adolescents et adultes. Plus pr\u00e9cis\u00e9ment, j\u2019ai exerc\u00e9 dans le domaine de la psychiatrie et de la p\u00e9dopsychiatrie, tant en unit\u00e9s hospitali\u00e8res qu\u2019au sein d\u2019\u00e9quipes mobiles de psychiatrie (Centre Psychoth\u00e9rapique de l\u2019Ain, H\u00f4pital Saint Jean de Dieu).<br><br>En dehors du cadre hospitalier, j\u2019ai travaill\u00e9 dans la protection judiciaire de la jeunesse (PJJ) et dans un centre de pr\u00e9vention pour adolescents (Maison des adolescents de l\u2019Ain). Enfin, j\u2019ai collabor\u00e9 avec l\u2019Institut de recherche Jean Bergeret dans le cadre d\u2019un programme de pr\u00e9vention en sant\u00e9 mentale destin\u00e9 aux \u00e9tudiant\u00b7e\u00b7s des universit\u00e9s de Lyon.<br><br>Ces derni\u00e8res ann\u00e9es, parall\u00e8lement \u00e0 ma pratique au sein d\u2019\u00e9quipes pluridisciplinaires dans diff\u00e9rentes structures, j\u2019ai tenu un cabinet priv\u00e9 \u00e0 Lyon. Depuis 2023, date de mon retour en Gr\u00e8ce, je vis et travaille \u00e0 Ath\u00e8nes.<br><br>Depuis 2024, je collabore avec l\u2019EPAPSY et avec l\u2019AMKE Apanemi Stegi, o\u00f9 je prends en charge des psychoth\u00e9rapies individuelles pour enfants, adolescents et adultes.<\/p>\n\t\t\t\t<\/div>\n\t\t\t\n\t\t\t\t\t<\/div>\n\n\n\t\t\t\t\t<div class=\"main-block__image-container\">\n\t\t\t\t<img\n\t\t\t\t\tsrc=\"https:\/\/chalepoudi-psychologos.gr\/wp-content\/uploads\/2025\/05\/olia-chalepoudi-1.webp\"\n\t\t\t\t\talt=\"\u0393\u03b9\u03b1 \u0395\u03bc\u03ad\u03bd\u03b1\"\n\t\t\t\t\tclass=\"main-block__image\" \/>\n\t\t\t<\/div>\n\t\t\t<\/div>\n<\/section>\n\n<section class=\"contact wp-block-block-manager-contact\">\r\n\t<div class=\"item-list__container\">\r\n\t\t\t\t\t<span class=\"item-list__small-title\">\r\n\t\t\t\tMe contacter\t\t\t<\/span>\r\n\t\t\r\n\t\t\t\t\t<h2 class=\"item-list__title\">\r\n\t\t\t\tContact\t\t\t<\/h2>\r\n\t\t\r\n\t\t\t\t\t<div class=\"item-list__content\">\r\n\t\t\t\t<p>\r\n\t\t\t\t\tPour un rendez-vous ou plus d\u2019informations, n\u2019h\u00e9sitez pas \u00e0 me contacter. Je r\u00e9pondrai \u00e0 votre demande dans les plus brefs d\u00e9lais.\t\t\t\t<\/p>\r\n\t\t\t<\/div>\r\n\t\t\r\n\t\t\t\t\t<div class=\"item-list__items\">\r\n\t\t\t\t\t\t\t\t\t<div class=\"item-list__item\">\r\n\t\t\t\t\t\t\t\t\t\t\t\t\t<div class=\"item-list__svg-container\">\r\n\t\t\t\t\t\t\t\t<svg width=\"24\" height=\"24\" viewbox=\"0 0 24 24\" fill=\"none\" xmlns=\"http:\/\/www.w3.org\/2000\/svg\">\n<path d=\"M20 4H4C2.9 4 2.01 4.9 2.01 6L2 18C2 19.1 2.9 20 4 20H20C21.1 20 22 19.1 22 18V6C22 4.9 21.1 4 20 4ZM20 8L12 13L4 8V6L12 11L20 6V8Z\" fill=\"#BF7349\" \/>\n<\/svg>\n\t\t\t\t\t\t\t<\/div>\r\n\t\t\t\t\t\t\r\n\t\t\t\t\t\t\t\t\t\t\t\t\t<h3 class=\"item-list__item-title\">\r\n\t\t\t\t\t\t\t\tEmail\t\t\t\t\t\t\t<\/h3>\r\n\t\t\t\t\t\t\r\n\t\t\t\t\t\t\t\t\t\t\t\t\t<div class=\"item-list__item-content\">\r\n\t\t\t\t\t\t\t\to.chalepoudi@gmail.com\t\t\t\t\t\t\t<\/div>\r\n\t\t\t\t\t\t\r\n\t\t\t\t\t\t\t\t\t\t\t<\/div>\r\n\t\t\t\t\t\t\t\t\t<div class=\"item-list__item\">\r\n\t\t\t\t\t\t\t\t\t\t\t\t\t<div class=\"item-list__svg-container\">\r\n\t\t\t\t\t\t\t\t<svg width=\"24\" height=\"24\" viewbox=\"0 0 24 24\" fill=\"none\" xmlns=\"http:\/\/www.w3.org\/2000\/svg\">\n<path d=\"M20 15.5C18.8 15.5 17.5 15.3 16.4 14.9C16.3 14.9 16.2 14.9 16.1 14.9C15.8 14.9 15.6 15 15.4 15.2L13.2 17.4C10.4 15.9 8 13.6 6.6 10.8L8.8 8.6C9.1 8.3 9.2 7.9 9 7.6C8.7 6.5 8.5 5.2 8.5 4C8.5 3.5 8 3 7.5 3H4C3.5 3 3 3.5 3 4C3 13.4 10.6 21 20 21C20.5 21 21 20.5 21 20V16.5C21 16 20.5 15.5 20 15.5ZM19 12H21C21 7 17 3 12 3V5C15.9 5 19 8.1 19 12ZM15 12H17C17 9.2 14.8 7 12 7V9C13.7 9 15 10.3 15 12Z\" fill=\"#BF7349\" \/>\n<\/svg>\n\t\t\t\t\t\t\t<\/div>\r\n\t\t\t\t\t\t\r\n\t\t\t\t\t\t\t\t\t\t\t\t\t<h3 class=\"item-list__item-title\">\r\n\t\t\t\t\t\t\t\tT\u00e9l\u00e9phone\t\t\t\t\t\t\t<\/h3>\r\n\t\t\t\t\t\t\r\n\t\t\t\t\t\t\t\t\t\t\t\t\t<div class=\"item-list__item-content\">\r\n\t\t\t\t\t\t\t\t+30 6938803388\t\t\t\t\t\t\t<\/div>\r\n\t\t\t\t\t\t\r\n\t\t\t\t\t\t\t\t\t\t\t<\/div>\r\n\t\t\t\t\t\t\t\t\t<div class=\"item-list__item\">\r\n\t\t\t\t\t\t\t\t\t\t\t\t\t<div class=\"item-list__svg-container\">\r\n\t\t\t\t\t\t\t\t<svg width=\"24\" height=\"24\" viewbox=\"0 0 24 24\" fill=\"none\" xmlns=\"http:\/\/www.w3.org\/2000\/svg\">\n<path d=\"M12 2C8.13 2 5 5.13 5 9C5 14.25 12 22 12 22C12 22 19 14.25 19 9C19 5.13 15.87 2 12 2ZM12 11.5C10.62 11.5 9.5 10.38 9.5 9C9.5 7.62 10.62 6.5 12 6.5C13.38 6.5 14.5 7.62 14.5 9C14.5 10.38 13.38 11.5 12 11.5Z\" fill=\"#BF7349\" \/>\n<\/svg>\n\t\t\t\t\t\t\t<\/div>\r\n\t\t\t\t\t\t\r\n\t\t\t\t\t\t\t\t\t\t\t\t\t<h3 class=\"item-list__item-title\">\r\n\t\t\t\t\t\t\t\tAdresse\t\t\t\t\t\t\t<\/h3>\r\n\t\t\t\t\t\t\r\n\t\t\t\t\t\t\t\t\t\t\t\t\t<div class=\"item-list__item-content\">\r\n\t\t\t\t\t\t\t\tKerkyras 16, 11362 Ath\u00e8nes\t\t\t\t\t\t\t<\/div>\r\n\t\t\t\t\t\t\r\n\t\t\t\t\t\t\t\t\t\t\t<\/div>\r\n\t\t\t\t\t\t\t<\/div>\r\n\t\t\r\n\t\t\t\t\t<a href=\"\/fr\/\u03b5\u03c0\u03b9\u03ba\u03bf\u03b9\u03bd\u03c9\u03bd\u03af\u03b1\/\" class=\"item-list__cta\">\r\n\t\t\t\tFormulaire de contact\t\t\t<\/a>\r\n\t\t\t<\/div>\r\n<\/section>","protected":false},"excerpt":{"rendered":"","protected":false},"author":1,"featured_media":0,"parent":0,"menu_order":0,"comment_status":"closed","ping_status":"closed","template":"","meta":{"_acf_changed":false,"footnotes":""},"class_list":["post-84","page","type-page","status-publish","hentry"],"acf":[],"_links":{"self":[{"href":"https:\/\/chalepoudi-psychologos.gr\/fr\/wp-json\/wp\/v2\/pages\/84","targetHints":{"allow":["GET"]}}],"collection":[{"href":"https:\/\/chalepoudi-psychologos.gr\/fr\/wp-json\/wp\/v2\/pages"}],"about":[{"href":"https:\/\/chalepoudi-psychologos.gr\/fr\/wp-json\/wp\/v2\/types\/page"}],"author":[{"embeddable":true,"href":"https:\/\/chalepoudi-psychologos.gr\/fr\/wp-json\/wp\/v2\/users\/1"}],"replies":[{"embeddable":true,"href":"https:\/\/chalepoudi-psychologos.gr\/fr\/wp-json\/wp\/v2\/comments?post=84"}],"version-history":[{"count":26,"href":"https:\/\/chalepoudi-psychologos.gr\/fr\/wp-json\/wp\/v2\/pages\/84\/revisions"}],"predecessor-version":[{"id":215,"href":"https:\/\/chalepoudi-psychologos.gr\/fr\/wp-json\/wp\/v2\/pages\/84\/revisions\/215"}],"wp:attachment":[{"href":"https:\/\/chalepoudi-psychologos.gr\/fr\/wp-json\/wp\/v2\/media?parent=84"}],"curies":[{"name":"wp","href":"https:\/\/api.w.org\/{rel}","templated":true}]}}