{"id":86,"date":"2025-05-02T19:46:53","date_gmt":"2025-05-02T19:46:53","guid":{"rendered":"https:\/\/chalepoudi-psychologos.gr\/?page_id=86"},"modified":"2025-10-16T23:31:59","modified_gmt":"2025-10-16T23:31:59","slug":"%cf%88%cf%85%cf%87%ce%bf%ce%b8%ce%b5%cf%81%ce%b1%cf%80%ce%b5%ce%b9%ce%b1","status":"publish","type":"page","link":"https:\/\/chalepoudi-psychologos.gr\/fr\/%cf%88%cf%85%cf%87%ce%bf%ce%b8%ce%b5%cf%81%ce%b1%cf%80%ce%b5%ce%b9%ce%b1\/","title":{"rendered":"Psychoth\u00e9rapie"},"content":{"rendered":"<section class=\"main-block style-text-image-right wp-block-block-manager-main-block\">\n\t<div class=\"main-block__container\">\n\t\t<div class=\"main-block__content-group\">\n\t\t\t\t\t\t\t<span class=\"main-block__small-title\">Approche th\u00e9rapeuthique<\/span>\n\t\t\t\t\t\t\t\t\t\t<h2 class=\"main-block__title\">\n\t\t\t\t\tPsychoth\u00e9rapie\t\t\t\t<\/h2>\n\t\t\t\t\t\t\n\n\n\t\t\t\t\t\t\t<div class=\"main-block__content\">\n\t\t\t\t\t<p>Ma formation clinique me permet d\u2019adopter <em>une approche individualis\u00e9e<\/em> , car il n\u2019existe pas de m\u00e9thode qui convienne \u00e0 tous. Chaque personne qui franchit la porte de mon cabinet est consid\u00e9r\u00e9e comme une personnalit\u00e9 unique. Je travaille avec elle pour aborder avec soin les questions les plus d\u00e9licates ou sensibles, afin de mieux les comprendre et d\u2019en explorer les solutions.<br><br>L\u2019approche psychanalytique place la relation entre le th\u00e9rapeute et la personne au c\u0153ur du processus, afin de faire \u00e9merger progressivement les conflits sous-jacents aux difficult\u00e9s et aux sympt\u00f4mes psychiques. J\u2019y joue \u00e9galement un r\u00f4le actif, de mani\u00e8re \u00e0 ce que la th\u00e9rapie devienne un d\u00e9clencheur pour un <em>changement profond<\/em>.<br><br>Mon parcours multiculturel me permet de comprendre les transitions complexes, qu\u2019il s\u2019agisse du passage d\u2019un \u00e2ge \u00e0 un autre, d\u2019un pays \u00e0 un autre, ou des questions li\u00e9es \u00e0 l\u2019identit\u00e9 de genre et \u00e0 l\u2019orientation sexuelle.<\/p>\n\t\t\t\t<\/div>\n\t\t\t\n\t\t\t\t\t<\/div>\n\n\n\t\t\t\t\t<div class=\"main-block__image-container\">\n\t\t\t\t<img\n\t\t\t\t\tsrc=\"https:\/\/chalepoudi-psychologos.gr\/wp-content\/uploads\/2025\/05\/New-Project.webp\"\n\t\t\t\t\talt=\"\u03a8\u03c5\u03c7\u03bf\u03b8\u03b5\u03c1\u03b1\u03c0\u03b5\u03af\u03b1\"\n\t\t\t\t\tclass=\"main-block__image\" \/>\n\t\t\t<\/div>\n\t\t\t<\/div>\n<\/section>\n\n<section class=\"contact wp-block-block-manager-contact\">\r\n\t<div class=\"item-list__container\">\r\n\t\t\t\t\t<span class=\"item-list__small-title\">\r\n\t\t\t\tMe contacter\t\t\t<\/span>\r\n\t\t\r\n\t\t\t\t\t<h2 class=\"item-list__title\">\r\n\t\t\t\tContact\t\t\t<\/h2>\r\n\t\t\r\n\t\t\t\t\t<div class=\"item-list__content\">\r\n\t\t\t\t<p>\r\n\t\t\t\t\tPour un rendez-vous ou plus d\u2019informations, n\u2019h\u00e9sitez pas \u00e0 me contacter. Je r\u00e9pondrai \u00e0 votre demande dans les plus brefs d\u00e9lais.\t\t\t\t<\/p>\r\n\t\t\t<\/div>\r\n\t\t\r\n\t\t\t\t\t<div class=\"item-list__items\">\r\n\t\t\t\t\t\t\t\t\t<div class=\"item-list__item\">\r\n\t\t\t\t\t\t\t\t\t\t\t\t\t<div class=\"item-list__svg-container\">\r\n\t\t\t\t\t\t\t\t<svg width=\"24\" height=\"24\" viewbox=\"0 0 24 24\" fill=\"none\" xmlns=\"http:\/\/www.w3.org\/2000\/svg\">\n<path d=\"M20 4H4C2.9 4 2.01 4.9 2.01 6L2 18C2 19.1 2.9 20 4 20H20C21.1 20 22 19.1 22 18V6C22 4.9 21.1 4 20 4ZM20 8L12 13L4 8V6L12 11L20 6V8Z\" fill=\"#BF7349\" \/>\n<\/svg>\n\t\t\t\t\t\t\t<\/div>\r\n\t\t\t\t\t\t\r\n\t\t\t\t\t\t\t\t\t\t\t\t\t<h3 class=\"item-list__item-title\">\r\n\t\t\t\t\t\t\t\tEmail\t\t\t\t\t\t\t<\/h3>\r\n\t\t\t\t\t\t\r\n\t\t\t\t\t\t\t\t\t\t\t\t\t<div class=\"item-list__item-content\">\r\n\t\t\t\t\t\t\t\to.chalepoudi@gmail.com\t\t\t\t\t\t\t<\/div>\r\n\t\t\t\t\t\t\r\n\t\t\t\t\t\t\t\t\t\t\t<\/div>\r\n\t\t\t\t\t\t\t\t\t<div class=\"item-list__item\">\r\n\t\t\t\t\t\t\t\t\t\t\t\t\t<div class=\"item-list__svg-container\">\r\n\t\t\t\t\t\t\t\t<svg width=\"24\" height=\"24\" viewbox=\"0 0 24 24\" fill=\"none\" xmlns=\"http:\/\/www.w3.org\/2000\/svg\">\n<path d=\"M20 15.5C18.8 15.5 17.5 15.3 16.4 14.9C16.3 14.9 16.2 14.9 16.1 14.9C15.8 14.9 15.6 15 15.4 15.2L13.2 17.4C10.4 15.9 8 13.6 6.6 10.8L8.8 8.6C9.1 8.3 9.2 7.9 9 7.6C8.7 6.5 8.5 5.2 8.5 4C8.5 3.5 8 3 7.5 3H4C3.5 3 3 3.5 3 4C3 13.4 10.6 21 20 21C20.5 21 21 20.5 21 20V16.5C21 16 20.5 15.5 20 15.5ZM19 12H21C21 7 17 3 12 3V5C15.9 5 19 8.1 19 12ZM15 12H17C17 9.2 14.8 7 12 7V9C13.7 9 15 10.3 15 12Z\" fill=\"#BF7349\" \/>\n<\/svg>\n\t\t\t\t\t\t\t<\/div>\r\n\t\t\t\t\t\t\r\n\t\t\t\t\t\t\t\t\t\t\t\t\t<h3 class=\"item-list__item-title\">\r\n\t\t\t\t\t\t\t\tT\u00e9l\u00e9phone\t\t\t\t\t\t\t<\/h3>\r\n\t\t\t\t\t\t\r\n\t\t\t\t\t\t\t\t\t\t\t\t\t<div class=\"item-list__item-content\">\r\n\t\t\t\t\t\t\t\t+30 6938803388\t\t\t\t\t\t\t<\/div>\r\n\t\t\t\t\t\t\r\n\t\t\t\t\t\t\t\t\t\t\t<\/div>\r\n\t\t\t\t\t\t\t\t\t<div class=\"item-list__item\">\r\n\t\t\t\t\t\t\t\t\t\t\t\t\t<div class=\"item-list__svg-container\">\r\n\t\t\t\t\t\t\t\t<svg width=\"24\" height=\"24\" viewbox=\"0 0 24 24\" fill=\"none\" xmlns=\"http:\/\/www.w3.org\/2000\/svg\">\n<path d=\"M12 2C8.13 2 5 5.13 5 9C5 14.25 12 22 12 22C12 22 19 14.25 19 9C19 5.13 15.87 2 12 2ZM12 11.5C10.62 11.5 9.5 10.38 9.5 9C9.5 7.62 10.62 6.5 12 6.5C13.38 6.5 14.5 7.62 14.5 9C14.5 10.38 13.38 11.5 12 11.5Z\" fill=\"#BF7349\" \/>\n<\/svg>\n\t\t\t\t\t\t\t<\/div>\r\n\t\t\t\t\t\t\r\n\t\t\t\t\t\t\t\t\t\t\t\t\t<h3 class=\"item-list__item-title\">\r\n\t\t\t\t\t\t\t\tAdresse\t\t\t\t\t\t\t<\/h3>\r\n\t\t\t\t\t\t\r\n\t\t\t\t\t\t\t\t\t\t\t\t\t<div class=\"item-list__item-content\">\r\n\t\t\t\t\t\t\t\tKerkyras 16, 11362 Ath\u00e8nes\t\t\t\t\t\t\t<\/div>\r\n\t\t\t\t\t\t\r\n\t\t\t\t\t\t\t\t\t\t\t<\/div>\r\n\t\t\t\t\t\t\t<\/div>\r\n\t\t\r\n\t\t\t\t\t<a href=\"\/fr\/\u03b5\u03c0\u03b9\u03ba\u03bf\u03b9\u03bd\u03c9\u03bd\u03af\u03b1\/\" class=\"item-list__cta\">\r\n\t\t\t\tFormulaire de contact\t\t\t<\/a>\r\n\t\t\t<\/div>\r\n<\/section>","protected":false},"excerpt":{"rendered":"","protected":false},"author":1,"featured_media":0,"parent":0,"menu_order":0,"comment_status":"closed","ping_status":"closed","template":"","meta":{"_acf_changed":false,"footnotes":""},"class_list":["post-86","page","type-page","status-publish","hentry"],"acf":[],"_links":{"self":[{"href":"https:\/\/chalepoudi-psychologos.gr\/fr\/wp-json\/wp\/v2\/pages\/86","targetHints":{"allow":["GET"]}}],"collection":[{"href":"https:\/\/chalepoudi-psychologos.gr\/fr\/wp-json\/wp\/v2\/pages"}],"about":[{"href":"https:\/\/chalepoudi-psychologos.gr\/fr\/wp-json\/wp\/v2\/types\/page"}],"author":[{"embeddable":true,"href":"https:\/\/chalepoudi-psychologos.gr\/fr\/wp-json\/wp\/v2\/users\/1"}],"replies":[{"embeddable":true,"href":"https:\/\/chalepoudi-psychologos.gr\/fr\/wp-json\/wp\/v2\/comments?post=86"}],"version-history":[{"count":8,"href":"https:\/\/chalepoudi-psychologos.gr\/fr\/wp-json\/wp\/v2\/pages\/86\/revisions"}],"predecessor-version":[{"id":186,"href":"https:\/\/chalepoudi-psychologos.gr\/fr\/wp-json\/wp\/v2\/pages\/86\/revisions\/186"}],"wp:attachment":[{"href":"https:\/\/chalepoudi-psychologos.gr\/fr\/wp-json\/wp\/v2\/media?parent=86"}],"curies":[{"name":"wp","href":"https:\/\/api.w.org\/{rel}","templated":true}]}}